{"id":3,"date":"2020-03-20T08:36:04","date_gmt":"2020-03-20T07:36:04","guid":{"rendered":"https:\/\/nasemontessori.cz\/?page_id=3"},"modified":"2021-12-13T09:51:10","modified_gmt":"2021-12-13T08:51:10","slug":"ochrana-osobnich-udaju","status":"publish","type":"page","link":"https:\/\/nasemontessori.cz\/index.php\/ochrana-osobnich-udaju\/","title":{"rendered":"Z\u00e1sady ochrany osobn\u00edch \u00fadaj\u016f"},"content":{"rendered":"\n<p>Pokud jste z\u00e1kazn\u00edkem, odb\u011bratelem novinek nebo n\u00e1v\u0161t\u011bvn\u00edkem webu, sv\u011b\u0159ujete mi sv\u00e9 osobn\u00ed \u00fadaje. Jaroslava \u0160najberkov\u00e1 Hrn\u010d\u00e1rkov\u00e1 (spr\u00e1vce webu) zodpov\u00edd\u00e1 za\u00a0jejich ochranu a\u00a0zabezpe\u010den\u00ed. Seznamte se pros\u00edm, s\u00a0ochranou osobn\u00edch \u00fadaj\u016f, z\u00e1sadami a\u00a0pr\u00e1vy, kter\u00e9 m\u00e1te v\u00a0souvislosti s\u00a0GDPR (Na\u0159\u00edzen\u00ed o\u00a0ochran\u011b osobn\u00edch \u00fadaj\u016f).<\/p>\n\n\n\n<p><strong>Spr\u00e1vce webu www.nasemontessori.cz je Jaroslava \u0160najberkov\u00e1 Hrn\u010d\u00e1rkov\u00e1<\/strong>. <\/p>\n\n\n\n<p><strong>I\u010c\u00a088567818<\/strong><br>S m\u00edstem podnik\u00e1n\u00ed: Prvom\u00e1jov\u00e1 1568, 153 00 Praha<\/p>\n\n\n\n<p>email: hrncarkova@gmail.com<\/p>\n\n\n\n<p>Va\u0161e osobn\u00ed \u00fadaje zpracov\u00e1v\u00e1m jako spr\u00e1vce, tj. ur\u010duji, jak budou osobn\u00ed \u00fadaje zpracov\u00e1v\u00e1ny a\u00a0za jak\u00fdm \u00fa\u010delem, po\u00a0jak dlouhou dobu a\u00a0vyb\u00edr\u00e1m p\u0159\u00edpadn\u00e9 dal\u0161\u00ed zpracovatele, kte\u0159\u00ed mi se zpracov\u00e1n\u00edm budou pom\u00e1hat.<\/p>\n\n\n\n<p><strong>Prohl\u00e1\u0161en\u00ed<\/strong><br>Prohla\u0161uji, \u017ee jako spr\u00e1vce va\u0161ich osobn\u00edch \u00fadaj\u016f spl\u0148uji ve\u0161ker\u00e9 z\u00e1konn\u00e9 povinnosti vy\u017eadovan\u00e9 platnou legislativou, zejm\u00e9na z\u00e1konem o\u00a0ochran\u011b osobn\u00edch \u00fadaj\u016f a\u00a0GDPR, a\u00a0tedy \u017ee:<br>budu zpracov\u00e1vat va\u0161e osobn\u00ed \u00fadaje jen na\u00a0z\u00e1klad\u011b platn\u00e9ho pr\u00e1vn\u00edho d\u016fvodu, a\u00a0to p\u0159edev\u0161\u00edm opr\u00e1vn\u011bn\u00e9ho z\u00e1jmu, pln\u011bn\u00ed smlouvy, z\u00e1konn\u00e9 povinnosti \u010di ud\u011blen\u00e9ho souhlasu, pln\u00edm dle \u010dl\u00e1nku 13 GDPR informa\u010dn\u00ed povinnost je\u0161t\u011b p\u0159ed zah\u00e1jen\u00edm zpracov\u00e1n\u00ed osobn\u00edch \u00fadaj\u016f, umo\u017en\u00edm a\u00a0budu v\u00e1s podporovat v\u00a0uplat\u0148ov\u00e1n\u00ed a\u00a0pln\u011bn\u00ed va\u0161ich pr\u00e1v podle z\u00e1kona o\u00a0ochran\u011b osobn\u00edch \u00fadaj\u016f a\u00a0GDPR Rozsah osobn\u00edch \u00fadaj\u016f a\u00a0\u00fa\u010dely zpracov\u00e1n\u00ed.<\/p>\n\n\n\n<p>Zpracov\u00e1v\u00e1m osobn\u00ed \u00fadaje, kter\u00e9 n\u00e1m sv\u011b\u0159\u00edte sami, a\u00a0to z\u00a0n\u00e1sleduj\u00edc\u00edch d\u016fvod\u016f (pro napln\u011bn\u00ed t\u011bchto \u00fa\u010del\u016f):<br>\u25cf poskytov\u00e1n\u00ed slu\u017eeb, pln\u011bn\u00ed smlouvy<br>&#8211; va\u0161e osobn\u00ed \u00fadaje v\u00a0rozsahu: jm\u00e9no a\u00a0e-mail, nezbytn\u011b pot\u0159ebuji k\u00a0pln\u011bn\u00ed smlouvy (nap\u0159. zasl\u00e1n\u00ed p\u0159\u00edstup\u016f do\u00a0aplikace, zas\u00edl\u00e1n\u00ed online kurzu, atd, dod\u00e1n\u00ed zbo\u017e\u00ed.<br>\u25cf veden\u00ed \u00fa\u010detnictv\u00ed<br>Jste-li z\u00e1kazn\u00edky, va\u0161e osobn\u00ed \u00fadaje (faktura\u010dn\u00ed \u00fadaje) nezbytn\u011b pot\u0159ebuji, abych vyhov\u011bla z\u00e1konn\u00e9 povinnosti pro vystavov\u00e1n\u00ed a\u00a0evidenci da\u0148ov\u00fdch doklad\u016f.<br>\u25cf marketing &#8211; zas\u00edl\u00e1n\u00ed newsletter\u016f<br>Va\u0161e osobn\u00ed \u00fadaje (e-mail a\u00a0jm\u00e9no), pohlav\u00ed, na\u00a0co klik\u00e1te v\u00a0e-mailu a\u00a0kdy je nej\u010dast\u011bji otev\u00edr\u00e1te vyu\u017e\u00edv\u00e1m za\u00a0\u00fa\u010delem p\u0159\u00edm\u00e9ho marketingu &#8211; zas\u00edl\u00e1n\u00ed obchodn\u00edch sd\u011blen\u00ed. Jste-li z\u00e1kazn\u00edkem, d\u011bl\u00e1m tak z\u00a0opr\u00e1vn\u011bn\u00e9ho z\u00e1jmu, nebo\u0165 d\u016fvodn\u011b p\u0159edpokl\u00e1d\u00e1m, \u017ee v\u00e1s na\u0161e novinky zaj\u00edmaj\u00ed, a\u00a0to po\u00a0dobu neur\u010ditou.<\/p>\n\n\n\n<p>Pokud nejste z\u00e1kazn\u00edkem, zas\u00edl\u00e1me v\u00e1m newslettery jen na\u00a0z\u00e1klad\u011b va\u0161eho souhlasu. V\u00a0obou p\u0159\u00edpadech m\u016f\u017eete tento souhlas odvolat pou\u017eit\u00edm odhla\u0161ovac\u00edho odkazu v\u00a0ka\u017ed\u00e9m zaslan\u00e9m e-mailu.<br>\u25cf pokro\u010dil\u00fd marketing na\u00a0z\u00e1klad\u011b souhlasu<br>Pouze na\u00a0z\u00e1klad\u011b va\u0161eho souhlasu v\u00e1m m\u016f\u017eu zas\u00edlat tak\u00e9 inspiruj\u00edc\u00ed nab\u00eddky t\u0159et\u00edch osob nebo vyu\u017e\u00edt e-mailovou adresu nap\u0159. pro remarketing a\u00a0c\u00edlen\u00ed reklamy na\u00a0Facebooku. Ten lze samoz\u0159ejm\u011b kdykoli odvolat prost\u0159ednictv\u00edm na\u0161ich kontaktn\u00edch \u00fadaj\u016f.<\/p>\n\n\n\n<p><strong>Cookies<\/strong><br>P\u0159i proch\u00e1zen\u00ed webov\u00fdch str\u00e1nek zaznamen\u00e1v\u00e1me va\u0161i IP adresu, jak dlouho se na&nbsp;str\u00e1nce zdr\u017e\u00edte a&nbsp;ze kter\u00e9 str\u00e1nky p\u0159ich\u00e1z\u00edte. Pou\u017e\u00edv\u00e1n\u00ed cookies pro m\u011b\u0159en\u00ed n\u00e1v\u0161t\u011bvnosti webu a&nbsp;p\u0159izp\u016fsoben\u00ed zobrazen\u00ed webov\u00fdch str\u00e1nek vn\u00edm\u00e1me jako opr\u00e1vn\u011bn\u00fd z\u00e1jem spr\u00e1vce, nebo\u0165 v\u011b\u0159\u00edme, \u017ee d\u00edky tomu v\u00e1m m\u016f\u017eeme nab\u00eddnout je\u0161t\u011b lep\u0161\u00ed<br>slu\u017eby.<br>Cookies pro c\u00edlen\u00ed reklamy budou zpracov\u00e1v\u00e1ny jen na&nbsp;z\u00e1klad\u011b va\u0161eho souhlasu. Webov\u00e9 str\u00e1nky lze proch\u00e1zet tak\u00e9 v&nbsp;re\u017eimu, kter\u00fd neumo\u017e\u0148uje sb\u00edr\u00e1n\u00ed osobn\u00edch \u00fadaj\u016f. Pou\u017e\u00edv\u00e1n\u00ed cookies m\u016f\u017eete na&nbsp;sv\u00e9m po\u010d\u00edta\u010di zak\u00e1zat.<br>Zabezpe\u010den\u00ed a&nbsp;ochrana osobn\u00edch \u00fadaj\u016f chr\u00e1n\u00edm osobn\u00ed \u00fadaje v&nbsp;maxim\u00e1ln\u00ed mo\u017en\u00e9 m\u00ed\u0159e pomoc\u00ed modern\u00edch technologi\u00ed, kter\u00e9 odpov\u00eddaj\u00ed stupni technick\u00e9ho rozvoje. Chr\u00e1n\u00edme je jako kdyby byly na\u0161e vlastn\u00ed. P\u0159ijali jsem a&nbsp;udr\u017eujeme ve\u0161ker\u00e1 mo\u017en\u00e1 (aktu\u00e1ln\u011b zn\u00e1m\u00e1) technick\u00e1 a&nbsp;organiza\u010dn\u00ed opat\u0159en\u00ed, kter\u00e1 zamezuj\u00ed zneu\u017eit\u00ed, po\u0161kozen\u00ed nebo zni\u010den\u00ed va\u0161ich osobn\u00edch \u00fadaj\u016f.<\/p>\n\n\n\n<p><strong>P\u0159ed\u00e1n\u00ed osobn\u00edch \u00fadaj\u016f t\u0159et\u00edm osob\u00e1m<\/strong><br>K va\u0161im osobn\u00edm \u00fadaj\u016fm maj\u00ed p\u0159\u00edstup na\u0161i spolupracovn\u00edci.<br>Pro zaji\u0161t\u011bn\u00ed konkr\u00e9tn\u00edch zpracovatelsk\u00fdch operac\u00ed, kter\u00e9 nedok\u00e1\u017ei zajistit vlastn\u00edmi silami, vyu\u017e\u00edv\u00e1me slu\u017eeb a&nbsp;aplikac\u00ed zpracovatel\u016f, kte\u0159\u00ed um\u00ed data ochr\u00e1nit je\u0161t\u011b l\u00e9pe ne\u017e j\u00e1 a&nbsp;na dan\u00e9 zpracov\u00e1n\u00ed se specializuj\u00ed.<br>Jsou to poskytovatel\u00e9 n\u00e1sleduj\u00edc\u00edch platforem:<\/p>\n\n\n\n<p>SmartSelling a.s. (MioWeb, FAPI, Proaffil) a\u00a0MailPoet<br>Facebook, Instagram<br>Google<\/p>\n\n\n\n<p>Je mo\u017en\u00e9, \u017ee se v&nbsp;budoucnu rozhodneme vyu\u017e\u00edt dal\u0161\u00ed aplikace \u010di zpracovatele, pro usnadn\u011bn\u00ed a&nbsp;zkvalitn\u011bn\u00ed zpracov\u00e1n\u00ed. Slibuji v\u00e1m v\u0161ak, \u017ee v&nbsp;takov\u00e9m p\u0159\u00edpad\u011b p\u0159i v\u00fdb\u011bru, budeme na&nbsp;zpracovatele kl\u00e1st minim\u00e1ln\u011b stejn\u00e9 n\u00e1roky na&nbsp;zabezpe\u010den\u00ed a&nbsp;kvalitu zpracov\u00e1n\u00ed jako na&nbsp;sebe.<\/p>\n\n\n\n<p>P\u0159ed\u00e1v\u00e1n\u00ed dat mimo Evropskou unii<br>Ve\u0161ker\u00e9 zpracov\u00e1n\u00ed osobn\u00edch \u00fadaj\u016f bude prov\u00e1d\u011bno na&nbsp;\u00fazem\u00ed EU. NEBO Data zpracov\u00e1v\u00e1me v\u00fdhradn\u011b v&nbsp;Evropsk\u00e9 unii nebo v&nbsp;zem\u00edch, kter\u00e9 zaji\u0161\u0165uj\u00ed odpov\u00eddaj\u00edc\u00ed \u00farove\u0148 ochrany na&nbsp;z\u00e1klad\u011b rozhodnut\u00ed Evropsk\u00e9 komise. Va\u0161e pr\u00e1va v&nbsp;souvislosti s&nbsp;ochranou osobn\u00edch \u00fadaj\u016f.<\/p>\n\n\n\n<p>V souvislosti s\u00a0ochranou osobn\u00edch \u00fadaj\u016f m\u00e1te \u0159adu pr\u00e1v. Pokud budete cht\u00edt n\u011bkter\u00e9ho z\u00a0t\u011bchto pr\u00e1v vyu\u017e\u00edt, pros\u00edm, kontaktujte n\u00e1s prost\u0159ednictv\u00edm e-mailu: hrncarkova@gmail.com.<\/p>\n\n\n\n<p>M\u00e1te pr\u00e1vo na&nbsp;informace, kter\u00e9 je pln\u011bno ji\u017e touto informa\u010dn\u00ed str\u00e1nkou se z\u00e1sadami zpracov\u00e1n\u00ed osobn\u00edch \u00fadaj\u016f.<\/p>\n\n\n\n<p>D\u00edky pr\u00e1vu na&nbsp;p\u0159\u00edstup m\u011b m\u016f\u017eete kdykoli vyzvat a&nbsp;my v\u00e1m dolo\u017e\u00edm ve lh\u016ft\u011b 30ti dn\u00ed, jak\u00e9<br>va\u0161e osobn\u00ed \u00fadaje zpracov\u00e1v\u00e1m a&nbsp;pro\u010d.<\/p>\n\n\n\n<p>Pokud se u&nbsp;v\u00e1s n\u011bco zm\u011bn\u00ed nebo shled\u00e1te sv\u00e9 osobn\u00ed \u00fadaje neaktu\u00e1ln\u00ed nebo ne\u00fapln\u00e9, m\u00e1te pr\u00e1vo na&nbsp;dopln\u011bn\u00ed a&nbsp;zm\u011bnu osobn\u00edch \u00fadaj\u016f. Pr\u00e1vo na&nbsp;omezen\u00ed zpracov\u00e1n\u00ed m\u016f\u017eete vyu\u017e\u00edt, pokud se domn\u00edv\u00e1te, \u017ee zpracov\u00e1v\u00e1me va\u0161e nep\u0159esn\u00e9 \u00fadaje, domn\u00edv\u00e1te se, \u017ee prov\u00e1d\u00edme zpracov\u00e1n\u00ed nez\u00e1konn\u011b, ale nechcete v\u0161echny \u00fadaje smazat nebo pokud jste vznesl n\u00e1mitku proti zpracov\u00e1n\u00ed.<\/p>\n\n\n\n<p>Omezit m\u016f\u017eete rozsah osobn\u00edch \u00fadaj\u016f nebo \u00fa\u010del\u016f zpracov\u00e1n\u00ed. (Nap\u0159. odhl\u00e1\u0161en\u00edm z&nbsp;newsletteru omezujete \u00fa\u010del zpracov\u00e1n\u00ed pro zas\u00edl\u00e1n\u00ed obchodn\u00edch sd\u011blen\u00ed.)<\/p>\n\n\n\n<p><strong>Pr\u00e1vo na&nbsp;p\u0159enositelnost<\/strong><br>Pokud byste cht\u011bli sv\u00e9 osobn\u00ed \u00fadaje vz\u00edt a&nbsp;p\u0159en\u00e9st k&nbsp;n\u011bkomu jin\u00e9mu, budeme postupovat stejn\u011b jako p\u0159i vyu\u017eit\u00ed pr\u00e1va na&nbsp;p\u0159\u00edstup &#8211; jen s&nbsp;t\u00edm rozd\u00edlem, \u017ee v\u00e1m informace dod\u00e1me ve strojov\u011b \u010diteln\u00e9 podob\u011b. Tady pot\u0159ebujeme alespo\u0148 14 dn\u00ed.<\/p>\n\n\n\n<p><strong>Pr\u00e1vo na&nbsp;v\u00fdmaz (b\u00fdt zapomenut)<\/strong><br>Va\u0161\u00edm dal\u0161\u00edm pr\u00e1vem je pr\u00e1vo na&nbsp;v\u00fdmaz (b\u00fdt zapomenut). Nechceme na&nbsp;v\u00e1s zapomenout, ale pokud si to budete p\u0159\u00e1t, m\u00e1te na&nbsp;to pr\u00e1vo. V&nbsp;takov\u00e9m p\u0159\u00edpad\u011b vyma\u017eeme ve\u0161ker\u00e9 va\u0161e osobn\u00ed \u00fadaje od sebe\/ ze sv\u00e9ho syst\u00e9mu i&nbsp;ze syst\u00e9mu v\u0161ech d\u00edl\u010d\u00edch zpracovatel\u016f a&nbsp;z\u00e1loh. Na&nbsp;zaji\u0161t\u011bn\u00ed pr\u00e1va na&nbsp;v\u00fdmaz pot\u0159ebuji 14&nbsp;dn\u00ed.<\/p>\n\n\n\n<p>V n\u011bkter\u00fdch p\u0159\u00edpadech jsme v\u00e1z\u00e1ni z\u00e1konnou povinnost\u00ed, a&nbsp;nap\u0159. mus\u00edme evidovat vystaven\u00e9 da\u0148ov\u00e9 doklady po&nbsp;lh\u016ftu stanovenou z\u00e1konem. V&nbsp;tomto p\u0159\u00edpad\u011b tedy sma\u017eeme v\u0161echny takov\u00e9 osobn\u00ed \u00fadaje, kter\u00e9 nejsou v\u00e1z\u00e1ny jin\u00fdm z\u00e1konem. O&nbsp;dokon\u010den\u00ed v\u00fdmazu v\u00e1s budeme informovat na&nbsp;e-mail.<\/p>\n\n\n\n<p><strong>St\u00ed\u017enost u&nbsp;\u00da\u0159adu na&nbsp;ochranu osobn\u00edch \u00fadaj\u016f<\/strong><br>Pokud m\u00e1te pocit, \u017ee s&nbsp;va\u0161imi \u00fadaji nezach\u00e1z\u00edme v&nbsp;souladu se z\u00e1konem, m\u00e1te pr\u00e1vo se se svou st\u00ed\u017enost\u00ed kdykoli obr\u00e1tit na&nbsp;\u00da\u0159ad pro ochranu osobn\u00edch \u00fadaj\u016f. Budeme r\u00e1di pokud nejprve budete o&nbsp;tomto podez\u0159en\u00ed informovat n\u00e1s, abychom s&nbsp;t\u00edm mohli n\u011bco ud\u011blat a&nbsp;p\u0159\u00edpadn\u00e9 pochyben\u00ed napravit.<\/p>\n\n\n\n<p><strong>Odhl\u00e1\u0161en\u00ed ze zas\u00edl\u00e1n\u00ed newsletter\u016f a&nbsp;obchodn\u00edch sd\u011blen\u00ed<\/strong><br>E-maily s&nbsp;inspirac\u00ed, \u010dl\u00e1nky \u010di produkty a&nbsp;slu\u017ebami v\u00e1m zas\u00edl\u00e1m jste-li n\u00e1\u0161 z\u00e1kazn\u00edk na<br>z\u00e1klad\u011b m\u00e9ho opr\u00e1vn\u011bn\u00e9ho z\u00e1jmu. Pokud z\u00e1kazn\u00edkem je\u0161t\u011b nejste, pos\u00edl\u00e1me v\u00e1m je jen na&nbsp;z\u00e1klad\u011b va\u0161eho souhlasu. V&nbsp;obou p\u0159\u00edpadech m\u016f\u017eete ukon\u010dit odb\u011br e-mail\u016f stisknut\u00edm odhla\u0161ovac\u00edho odkazu v&nbsp;ka\u017ed\u00e9m zaslan\u00e9m e-mailu.<\/p>\n\n\n\n<p><strong>Ml\u010denlivost<\/strong><br>Dovolujeme si V\u00e1s ujistit, \u017ee na\u0161i spolupracovn\u00edci, kte\u0159\u00ed budou<br>zpracov\u00e1vat Va\u0161e osobn\u00ed \u00fadaje, jsou povinni zachov\u00e1vat ml\u010denlivost o\u00a0osobn\u00edch<br>\u00fadaj\u00edch a\u00a0o bezpe\u010dnostn\u00edch opat\u0159en\u00edch, jejich\u017e zve\u0159ejn\u011bn\u00ed by ohrozilo zabezpe\u010den\u00ed<br>Va\u0161ich osobn\u00edch \u00fadaj\u016f. Tato ml\u010denlivost p\u0159itom trv\u00e1 i\u00a0po skon\u010den\u00ed z\u00e1vazkov\u00fdch<br>vztah\u016f s\u00a0n\u00e1mi. Bez va\u0161eho souhlasu nebudou va\u0161e osobn\u00ed \u00fadaje vyd\u00e1ny \u017e\u00e1dn\u00e9 jin\u00e9<br>t\u0159et\u00ed stran\u011b.<\/p>\n","protected":false},"excerpt":{"rendered":"<p>Pokud jste z\u00e1kazn\u00edkem, odb\u011bratelem novinek nebo n\u00e1v\u0161t\u011bvn\u00edkem webu, sv\u011b\u0159ujete mi sv\u00e9 osobn\u00ed \u00fadaje. Jaroslava \u0160najberkov\u00e1 Hrn\u010d\u00e1rkov\u00e1 (spr\u00e1vce webu) zodpov\u00edd\u00e1 za\u00a0jejich ochranu a\u00a0zabezpe\u010den\u00ed. Seznamte se pros\u00edm, s\u00a0ochranou osobn\u00edch \u00fadaj\u016f, z\u00e1sadami a\u00a0pr\u00e1vy, kter\u00e9 m\u00e1te v\u00a0souvislosti s\u00a0GDPR (Na\u0159\u00edzen\u00ed o\u00a0ochran\u011b osobn\u00edch \u00fadaj\u016f). Spr\u00e1vce webu www.nasemontessori.cz je Jaroslava \u0160najberkov\u00e1 Hrn\u010d\u00e1rkov\u00e1. I\u010c\u00a088567818S m\u00edstem podnik\u00e1n\u00ed: Prvom\u00e1jov\u00e1 1568, 153 00 Praha email: hrncarkova@gmail.com [&hellip;]<\/p>\n","protected":false},"author":1,"featured_media":0,"parent":0,"menu_order":0,"comment_status":"closed","ping_status":"open","template":"","meta":{"footnotes":""},"class_list":["post-3","page","type-page","status-publish","hentry","post"],"jetpack_sharing_enabled":true,"_links":{"self":[{"href":"https:\/\/nasemontessori.cz\/index.php\/wp-json\/wp\/v2\/pages\/3","targetHints":{"allow":["GET"]}}],"collection":[{"href":"https:\/\/nasemontessori.cz\/index.php\/wp-json\/wp\/v2\/pages"}],"about":[{"href":"https:\/\/nasemontessori.cz\/index.php\/wp-json\/wp\/v2\/types\/page"}],"author":[{"embeddable":true,"href":"https:\/\/nasemontessori.cz\/index.php\/wp-json\/wp\/v2\/users\/1"}],"replies":[{"embeddable":true,"href":"https:\/\/nasemontessori.cz\/index.php\/wp-json\/wp\/v2\/comments?post=3"}],"version-history":[{"count":1,"href":"https:\/\/nasemontessori.cz\/index.php\/wp-json\/wp\/v2\/pages\/3\/revisions"}],"predecessor-version":[{"id":400,"href":"https:\/\/nasemontessori.cz\/index.php\/wp-json\/wp\/v2\/pages\/3\/revisions\/400"}],"wp:attachment":[{"href":"https:\/\/nasemontessori.cz\/index.php\/wp-json\/wp\/v2\/media?parent=3"}],"curies":[{"name":"wp","href":"https:\/\/api.w.org\/{rel}","templated":true}]}}