{"id":408,"date":"2021-12-14T08:58:48","date_gmt":"2021-12-14T07:58:48","guid":{"rendered":"https:\/\/nasemontessori.cz\/?page_id=408"},"modified":"2022-01-13T14:48:09","modified_gmt":"2022-01-13T13:48:09","slug":"stahnout-1-kapitolu","status":"publish","type":"page","link":"https:\/\/nasemontessori.cz\/index.php\/stahnout-1-kapitolu\/","title":{"rendered":"St\u00e1hnout 1. kapitolu"},"content":{"rendered":"<div id=\"pl-408\"  class=\"panel-layout\" ><div id=\"pg-408-0\"  class=\"panel-grid panel-no-style\" ><div id=\"pgc-408-0-0\"  class=\"panel-grid-cell\" ><div id=\"panel-408-0-0-0\" class=\"so-panel widget widget_media_image panel-first-child panel-last-child\" data-index=\"0\" ><img loading=\"lazy\" decoding=\"async\" width=\"1500\" height=\"2122\" src=\"https:\/\/i0.wp.com\/nasemontessori.cz\/wp-content\/uploads\/2021\/12\/nova-titulka-mala-2.jpg?fit=1500%2C2122&amp;ssl=1\" class=\"image wp-image-478  attachment-full size-full\" alt=\"\" style=\"max-width: 100%; height: auto;\" srcset=\"https:\/\/i0.wp.com\/nasemontessori.cz\/wp-content\/uploads\/2021\/12\/nova-titulka-mala-2.jpg?w=1500&amp;ssl=1 1500w, https:\/\/i0.wp.com\/nasemontessori.cz\/wp-content\/uploads\/2021\/12\/nova-titulka-mala-2.jpg?resize=212%2C300&amp;ssl=1 212w, https:\/\/i0.wp.com\/nasemontessori.cz\/wp-content\/uploads\/2021\/12\/nova-titulka-mala-2.jpg?resize=724%2C1024&amp;ssl=1 724w, https:\/\/i0.wp.com\/nasemontessori.cz\/wp-content\/uploads\/2021\/12\/nova-titulka-mala-2.jpg?resize=768%2C1086&amp;ssl=1 768w, https:\/\/i0.wp.com\/nasemontessori.cz\/wp-content\/uploads\/2021\/12\/nova-titulka-mala-2.jpg?resize=1086%2C1536&amp;ssl=1 1086w, https:\/\/i0.wp.com\/nasemontessori.cz\/wp-content\/uploads\/2021\/12\/nova-titulka-mala-2.jpg?resize=1448%2C2048&amp;ssl=1 1448w, https:\/\/i0.wp.com\/nasemontessori.cz\/wp-content\/uploads\/2021\/12\/nova-titulka-mala-2.jpg?resize=1320%2C1867&amp;ssl=1 1320w, https:\/\/i0.wp.com\/nasemontessori.cz\/wp-content\/uploads\/2021\/12\/nova-titulka-mala-2.jpg?resize=600%2C849&amp;ssl=1 600w\" sizes=\"auto, (max-width: 1140px) 100vw, 1140px\" \/><\/div><\/div><div id=\"pgc-408-0-1\"  class=\"panel-grid-cell\" ><div id=\"panel-408-0-1-0\" class=\"so-panel widget widget_text panel-first-child\" data-index=\"1\" ><h3 class=\"widget-title\">P\u0159e\u010dt\u011bte si prvn\u00ed kapitolu p\u0159\u00edru\u010dky zdarma<\/h3>\t\t\t<div class=\"textwidget\"><p>Napi\u0161te mi pros\u00edm, na jak\u00fd email budete cht\u00edt prvn\u00ed kapitolu zaslat.<\/p>\n<\/div>\n\t\t<\/div>      <div id=\"panel-408-0-1-1\" class=\"so-panel widget widget_mailpoet_form panel-last-child\" data-index=\"2\" >\n  \n  \n  <div class=\"\n    mailpoet_form_popup_overlay\n      \"><\/div>\n  <div\n    id=\"mailpoet_form_2\"\n    class=\"\n      mailpoet_form\n      mailpoet_form_widget\n      mailpoet_form_position_\n      mailpoet_form_animation_\n    \"\n      >\n\n    <style type=\"text\/css\">\n     #mailpoet_form_2 .mailpoet_form {  }\n#mailpoet_form_2 form { margin-bottom: 0; }\n#mailpoet_form_2 ::placeholder { color: black; }\n#mailpoet_form_2 .mailpoet_column_with_background { padding: 0px; }\n#mailpoet_form_2 .mailpoet_form_column:not(:first-child) { padding: 0 20px; }\n#mailpoet_form_2 .mailpoet_form_column:not(:first-child) { margin-left: 0; }\n#mailpoet_form_2 h2.mailpoet-heading { margin: 0 0 20px 0; }\n#mailpoet_form_2 .mailpoet_paragraph { line-height: 20px; margin-bottom: 20px; }\n#mailpoet_form_2 .mailpoet_segment_label, #mailpoet_form_2 .mailpoet_text_label, #mailpoet_form_2 .mailpoet_textarea_label, #mailpoet_form_2 .mailpoet_select_label, #mailpoet_form_2 .mailpoet_radio_label, #mailpoet_form_2 .mailpoet_checkbox_label, #mailpoet_form_2 .mailpoet_list_label, #mailpoet_form_2 .mailpoet_date_label { display: block; font-weight: normal; }\n#mailpoet_form_2 .mailpoet_text, #mailpoet_form_2 .mailpoet_textarea, #mailpoet_form_2 .mailpoet_select, #mailpoet_form_2 .mailpoet_date_month, #mailpoet_form_2 .mailpoet_date_day, #mailpoet_form_2 .mailpoet_date_year, #mailpoet_form_2 .mailpoet_date { display: block; }\n#mailpoet_form_2 .mailpoet_text, #mailpoet_form_2 .mailpoet_textarea { width: 200px; }\n#mailpoet_form_2 .mailpoet_checkbox {  }\n#mailpoet_form_2 .mailpoet_submit {  }\n#mailpoet_form_2 .mailpoet_divider {  }\n#mailpoet_form_2 .mailpoet_message {  }\n#mailpoet_form_2 .mailpoet_form_loading { width: 30px; text-align: center; line-height: normal; }\n#mailpoet_form_2 .mailpoet_form_loading > span { width: 5px; height: 5px; background-color: #5b5b5b; }#mailpoet_form_2{border-radius: 0px;background: #ffffff;color: #1e1e1e;text-align: left;}#mailpoet_form_2 form.mailpoet_form {padding: 0px;}#mailpoet_form_2{width: 100%;}#mailpoet_form_2 .mailpoet_message {margin: 0; padding: 0 20px;}\n        #mailpoet_form_2 .mailpoet_validate_success {color: #00d084}\n        #mailpoet_form_2 input.parsley-success {color: #00d084}\n        #mailpoet_form_2 select.parsley-success {color: #00d084}\n        #mailpoet_form_2 textarea.parsley-success {color: #00d084}\n      \n        #mailpoet_form_2 .mailpoet_validate_error {color: #cf2e2e}\n        #mailpoet_form_2 input.parsley-error {color: #cf2e2e}\n        #mailpoet_form_2 select.parsley-error {color: #cf2e2e}\n        #mailpoet_form_2 textarea.textarea.parsley-error {color: #cf2e2e}\n        #mailpoet_form_2 .parsley-errors-list {color: #cf2e2e}\n        #mailpoet_form_2 .parsley-required {color: #cf2e2e}\n        #mailpoet_form_2 .parsley-custom-error-message {color: #cf2e2e}\n      #mailpoet_form_2 .mailpoet_paragraph.last {margin-bottom: 0} @media (max-width: 500px) {#mailpoet_form_2 {background: #ffffff;}} @media (min-width: 500px) {#mailpoet_form_2 .last .mailpoet_paragraph:last-child {margin-bottom: 0}}  @media (max-width: 500px) {#mailpoet_form_2 .mailpoet_form_column:last-child .mailpoet_paragraph:last-child {margin-bottom: 0}} \n    <\/style>\n\n    <form\n      target=\"_self\"\n      method=\"post\"\n      action=\"https:\/\/nasemontessori.cz\/wp-admin\/admin-post.php?action=mailpoet_subscription_form\"\n      class=\"mailpoet_form mailpoet_form_form mailpoet_form_widget\"\n      novalidate\n      data-delay=\"\"\n      data-exit-intent-enabled=\"\"\n      data-font-family=\"\"\n      data-cookie-expiration-time=\"\"\n    >\n      <input type=\"hidden\" name=\"data[form_id]\" value=\"2\" \/>\n      <input type=\"hidden\" name=\"token\" value=\"df4b5c1786\" \/>\n      <input type=\"hidden\" name=\"api_version\" value=\"v1\" \/>\n      <input type=\"hidden\" name=\"endpoint\" value=\"subscribers\" \/>\n      <input type=\"hidden\" name=\"mailpoet_method\" value=\"subscribe\" \/>\n\n      <label class=\"mailpoet_hp_email_label\" style=\"display: none !important;\">Nechte toto pole pr\u00e1zdn\u00e9 pros\u00edm<input type=\"email\" name=\"data[email]\"\/><\/label><div class=\"mailpoet_paragraph \"><style>input[name=\"data[form_field_OTliMTJkODRhNGM2X2ZpcnN0X25hbWU=]\"]::placeholder{color:#000000;opacity: 1;}<\/style><input type=\"text\" autocomplete=\"given-name\" class=\"mailpoet_text\" id=\"form_first_name_2\" name=\"data[form_field_OTliMTJkODRhNGM2X2ZpcnN0X25hbWU=]\" title=\"Jm\u00e9no\" value=\"\" style=\"width:100%;box-sizing:border-box;background-color:#ffffff;border-style:solid;border-radius:0px !important;border-width:1px;border-color:#313131;padding:10px;margin: 0 auto 0 0;font-family:&#039;Cairo&#039;;font-size:15px;line-height:1.5;height:auto;color:#000000;\" data-automation-id=\"form_first_name\"  placeholder=\"Jm\u00e9no\" aria-label=\"Jm\u00e9no\" data-parsley-errors-container=\".mailpoet_error_1lbf0\" data-parsley-names='[&quot;Zadejte platn\u00fd n\u00e1zev.&quot;,&quot;Adresy ve jm\u00e9nech nejsou povoleny, p\u0159idejte m\u00edsto toho sv\u00e9 jm\u00e9no.&quot;]'\/><span class=\"mailpoet_error_1lbf0\"><\/span><\/div>\n<div class=\"mailpoet_paragraph \"><style>input[name=\"data[form_field_Yjc4ZDEyYWZlMDZmX2VtYWls]\"]::placeholder{color:#000000;opacity: 1;}<\/style><input type=\"email\" autocomplete=\"email\" class=\"mailpoet_text\" id=\"form_email_2\" name=\"data[form_field_Yjc4ZDEyYWZlMDZmX2VtYWls]\" title=\"Emailov\u00e1 adresa\" value=\"\" style=\"width:100%;box-sizing:border-box;background-color:#ffffff;border-style:solid;border-radius:0px !important;border-width:1px;border-color:#313131;padding:10px;margin: 0 auto 0 0;font-family:&#039;Cairo&#039;;font-size:15px;line-height:1.5;height:auto;color:#000000;\" data-automation-id=\"form_email\"  placeholder=\"Emailov\u00e1 adresa *\" aria-label=\"Emailov\u00e1 adresa *\" data-parsley-errors-container=\".mailpoet_error_oi5gk\" data-parsley-required=\"true\" required aria-required=\"true\" data-parsley-minlength=\"6\" data-parsley-maxlength=\"150\" data-parsley-type-message=\"Tato hodnota by m\u011bla obsahovat platnou e-mailovou adresu.\" data-parsley-required-message=\"Toto pole je vy\u017eadov\u00e1no.\"\/><span class=\"mailpoet_error_oi5gk\"><\/span><\/div>\n<div class=\"mailpoet_paragraph \"><input type=\"submit\" class=\"mailpoet_submit\" value=\"P\u0159ihl\u00e1sit se\" data-automation-id=\"subscribe-submit-button\" style=\"width:100%;box-sizing:border-box;padding:10px;margin: 0 auto 0 0;font-family:&#039;Cairo&#039;;font-size:15px;line-height:1.5;height:auto;border-color:transparent;\" \/><span class=\"mailpoet_form_loading\"><span class=\"mailpoet_bounce1\"><\/span><span class=\"mailpoet_bounce2\"><\/span><span class=\"mailpoet_bounce3\"><\/span><\/span><\/div>\n\n      <div class=\"mailpoet_message\">\n        <p class=\"mailpoet_validate_success\"\n                style=\"display:none;\"\n                >E-mail odesl\u00e1n. Zkontrolujte slo\u017eku doru\u010den\u00e9 po\u0161ty nebo slo\u017eku pro Spam pro potvrzen\u00ed odb\u011bru.\n        <\/p>\n        <p class=\"mailpoet_validate_error\"\n                style=\"display:none;\"\n                >        <\/p>\n      <\/div>\n    <\/form>\n\n      <\/div>\n\n      <\/div>\n  <\/div><\/div><\/div>","protected":false},"excerpt":{"rendered":"<p>Napi\u0161te mi pros\u00edm, na jak\u00fd email budete cht\u00edt prvn\u00ed kapitolu zaslat.<\/p>\n","protected":false},"author":1,"featured_media":0,"parent":0,"menu_order":0,"comment_status":"closed","ping_status":"closed","template":"","meta":{"footnotes":""},"class_list":["post-408","page","type-page","status-publish","hentry","post"],"jetpack_sharing_enabled":true,"_links":{"self":[{"href":"https:\/\/nasemontessori.cz\/index.php\/wp-json\/wp\/v2\/pages\/408","targetHints":{"allow":["GET"]}}],"collection":[{"href":"https:\/\/nasemontessori.cz\/index.php\/wp-json\/wp\/v2\/pages"}],"about":[{"href":"https:\/\/nasemontessori.cz\/index.php\/wp-json\/wp\/v2\/types\/page"}],"author":[{"embeddable":true,"href":"https:\/\/nasemontessori.cz\/index.php\/wp-json\/wp\/v2\/users\/1"}],"replies":[{"embeddable":true,"href":"https:\/\/nasemontessori.cz\/index.php\/wp-json\/wp\/v2\/comments?post=408"}],"version-history":[{"count":11,"href":"https:\/\/nasemontessori.cz\/index.php\/wp-json\/wp\/v2\/pages\/408\/revisions"}],"predecessor-version":[{"id":480,"href":"https:\/\/nasemontessori.cz\/index.php\/wp-json\/wp\/v2\/pages\/408\/revisions\/480"}],"wp:attachment":[{"href":"https:\/\/nasemontessori.cz\/index.php\/wp-json\/wp\/v2\/media?parent=408"}],"curies":[{"name":"wp","href":"https:\/\/api.w.org\/{rel}","templated":true}]}}