{"id":360,"date":"2021-12-08T09:16:24","date_gmt":"2021-12-08T08:16:24","guid":{"rendered":"https:\/\/nasemontessori.cz\/?post_type=product&#038;p=360"},"modified":"2026-04-13T19:04:03","modified_gmt":"2026-04-13T17:04:03","slug":"montessori-domacnost","status":"publish","type":"product","link":"https:\/\/nasemontessori.cz\/index.php\/produkt\/montessori-domacnost\/","title":{"rendered":"Montessori dom\u00e1cnost"},"content":{"rendered":"<p>Montessori dom\u00e1cnost je <strong>p\u0159\u00edru\u010dka pro v\u0161echny, kdo cht\u011bj\u00ed za\u0159\u00eddit svou dom\u00e1cnost tak, aby odpov\u00eddala Montessori pedagogice<\/strong>. Kdy\u017e jsem se rozhodovala, jestli nakoupit v\u0161echno pot\u0159ebn\u00e9 vybaven\u00ed, byla jsem zmaten\u00e1, kolik je na trhu r\u016fzn\u00fdch mo\u017enost\u00ed, a z\u00e1rove\u0148 si nebyla jist\u00e1, jestli chci do n\u00e1kupu n\u00e1bytku investovat tolik pen\u011bz. Co kdy\u017e to syna nebude zaj\u00edmat?<\/p>\n<p>Nakoupila jsem proto cenov\u011b dostupn\u00e9 z\u00e1kladn\u00ed vybaven\u00ed a u ka\u017ed\u00e9ho dal\u0161\u00edho kousku pe\u010dliv\u011b zva\u017eovala, jestli je skute\u010dn\u011b t\u0159eba, proto\u017ee v na\u0161em byt\u011b nebylo m\u00edsto \u00fapln\u011b na v\u0161echno. Po t\u0159ech letech, kdy vybaven\u00ed pou\u017e\u00edv\u00e1me bez v\u011bt\u0161\u00edch zm\u011bn, m\u016f\u017eu prohl\u00e1sit, \u017ee se osv\u011bd\u010dilo. A proto jsem napsala tuto p\u0159\u00edru\u010dku. Aby <strong>v\u00e1m byla pr\u016fvodcem<\/strong> ve va\u0161ich prvn\u00edch kr\u016f\u010dc\u00edch p\u0159i p\u0159em\u011b\u0148ov\u00e1n\u00ed va\u0161eho domova na Montessori p\u0159ipraven\u00e9 prost\u0159ed\u00ed.<\/p>\n<p>Cht\u011bla jsem, aby pro v\u00e1s p\u0159echod byl co nejsna\u017e\u0161\u00ed. Proto je p\u0159\u00edru\u010dka p\u0159ipravena tak, aby v\u00e1m po jej\u00edm p\u0159e\u010dten\u00ed sta\u010dil jeden n\u00e1kup v IKEA a m\u011bli jste v\u0161e pot\u0159ebn\u00e9. Pokud doma nem\u00e1te nic, co byste mohli vyu\u017e\u00edt, cel\u00e1 prom\u011bna v\u00e1s vyjde na 6600,-K\u010d, co\u017e je cena, kter\u00e1 odpov\u00edd\u00e1 p\u0159ibli\u017en\u011b n\u00e1kupu vysok\u00e9 post\u00fdlky s ohr\u00e1dkou a p\u0159ebalovac\u00edho pultu. A vy za ni m\u016f\u017eete vybavit celou va\u0161i dom\u00e1cnost!<\/p>\n<p>Ka\u017ed\u00e1 kapitola obsahuje i text popisuj\u00edc\u00ed, jak jsem tu kterou m\u00edstnost p\u0159ipravila v na\u0161\u00ed dom\u00e1cnosti a jak n\u00e1m to fungovalo, abyste si mohli ud\u011blat p\u0159edstavu, jak Montessori vypad\u00e1 v praxi v klasick\u00e9 \u010desk\u00e9 dom\u00e1cnosti<\/p>\n<p>Proto\u017ee jsem m\u011bla probl\u00e9my, aby se mi v\u0161echny v\u011bci ve\u0161ly do na\u0161eho mal\u00e9ho bytu, druh\u00e1 polovina kn\u00ed\u017eky je v\u011bnovan\u00e1 pr\u00e1v\u011b tomu \u2013 <strong>jak p\u0159ipravit Montessori dom\u00e1cnost na mal\u00e9m prostoru<\/strong>. Je pln\u00e1 tip\u016f a vychyt\u00e1vek, jak i na ten nejmen\u0161\u00ed prostor m\u016f\u017eete p\u0159en\u00e9st alespo\u0148 n\u011bco z t\u00e9to \u00fa\u017easn\u00e9 pedagogiky.<\/p>\n<p>Knihu jsem doplnila i praktick\u00fdmi tipy a vysv\u011btlen\u00edmi, pro\u010d v\u00e1m jednotliv\u00e9 prom\u011bny mohou pomoci ke klidn\u011bj\u0161\u00edmu a l\u00e1skypln\u011bj\u0161\u00edmu sou\u017eit\u00ed s va\u0161imi d\u011btmi.<\/p>\n<p>P\u0159\u00edru\u010dka obsahuje 55 str\u00e1nek textu a n\u00e1zorn\u00fdch fotografi\u00ed, abyste si mohli ud\u011blat co nejlep\u0161\u00ed p\u0159edstavu, jak by va\u0161e Montessori dom\u00e1cnost mohla vypadat. P\u0159\u00edru\u010dku obdr\u017e\u00edte v elektronick\u00e9 podob\u011b ve form\u00e1tu .pdf.<\/p>\n<p><strong><a href=\"https:\/\/nasemontessori.cz\/index.php\/stahnout-1-kapitolu\/\">P\u0159e\u010dt\u011bte si prvn\u00ed kapitolu zdarma!<\/a><\/strong><\/p>\n","protected":false},"excerpt":{"rendered":"<p>Praktick\u00e1 p\u0159\u00edru\u010dka o tom, jak si snadno a levn\u011b za\u0159\u00eddit Montessori dom\u00e1cnost. Klidn\u011b i na mal\u00e9m prostoru. Obsahuje spoustu konkr\u00e9tn\u00edch tip\u016f a doporu\u010den\u00ed, d\u00edky kter\u00fdm svou dom\u00e1cnost za\u0159\u00edd\u00edte p\u0159esn\u011b tak, aby vyhovovala mal\u00fdm d\u011btem i v\u00e1m.<\/p>\n","protected":false},"featured_media":478,"comment_status":"open","ping_status":"closed","template":"","meta":[],"product_brand":[],"product_cat":[63],"product_tag":[],"class_list":{"0":"post-360","1":"product","2":"type-product","3":"status-publish","4":"has-post-thumbnail","6":"product_cat-montessori","7":"post","9":"first","10":"instock","11":"downloadable","12":"shipping-taxable","13":"purchasable","14":"product-type-simple"},"jetpack_sharing_enabled":true,"_links":{"self":[{"href":"https:\/\/nasemontessori.cz\/index.php\/wp-json\/wp\/v2\/product\/360","targetHints":{"allow":["GET"]}}],"collection":[{"href":"https:\/\/nasemontessori.cz\/index.php\/wp-json\/wp\/v2\/product"}],"about":[{"href":"https:\/\/nasemontessori.cz\/index.php\/wp-json\/wp\/v2\/types\/product"}],"replies":[{"embeddable":true,"href":"https:\/\/nasemontessori.cz\/index.php\/wp-json\/wp\/v2\/comments?post=360"}],"wp:featuredmedia":[{"embeddable":true,"href":"https:\/\/nasemontessori.cz\/index.php\/wp-json\/wp\/v2\/media\/478"}],"wp:attachment":[{"href":"https:\/\/nasemontessori.cz\/index.php\/wp-json\/wp\/v2\/media?parent=360"}],"wp:term":[{"taxonomy":"product_brand","embeddable":true,"href":"https:\/\/nasemontessori.cz\/index.php\/wp-json\/wp\/v2\/product_brand?post=360"},{"taxonomy":"product_cat","embeddable":true,"href":"https:\/\/nasemontessori.cz\/index.php\/wp-json\/wp\/v2\/product_cat?post=360"},{"taxonomy":"product_tag","embeddable":true,"href":"https:\/\/nasemontessori.cz\/index.php\/wp-json\/wp\/v2\/product_tag?post=360"}],"curies":[{"name":"wp","href":"https:\/\/api.w.org\/{rel}","templated":true}]}}