{"id":580,"date":"2022-02-22T10:32:31","date_gmt":"2022-02-22T09:32:31","guid":{"rendered":"https:\/\/nasemontessori.cz\/?post_type=product&#038;p=580"},"modified":"2026-04-13T19:03:46","modified_gmt":"2026-04-13T17:03:46","slug":"frantiskova-dobrodruzstvi","status":"publish","type":"product","link":"https:\/\/nasemontessori.cz\/index.php\/produkt\/frantiskova-dobrodruzstvi\/","title":{"rendered":"Franti\u0161kova dobrodru\u017estv\u00ed"},"content":{"rendered":"<p>Franti\u0161ek je p\u0159ed\u0161kol\u00e1k, kter\u00fd za\u017e\u00edv\u00e1 spoustu nap\u00ednav\u00fdch dobrodru\u017estv\u00ed &#8211; chod\u00ed s tat\u00ednkem na v\u00fdpravy do lesa, zvyk\u00e1 si na \u0161kolku, jezd\u00ed na v\u00edkendy k babi\u010dce nebo s\u00e1\u0148kuje s kamar\u00e1dy na kopci za m\u011bstem. Jeho z\u00e1\u017eitky jsou podobn\u00e9 tomu, co za\u017e\u00edv\u00e1 v\u011bt\u0161ina p\u0159ed\u0161kol\u00e1k\u016f, a proto va\u0161e d\u011bti budou milovat, kdy\u017e jim p\u0159\u00edb\u011bhy budete \u010d\u00edst. A\u0165 u\u017e p\u0159ed span\u00edm nebo kdykoli jindy. Ale vyhra\u010fte si na \u010dten\u00ed dostatek \u010dasu! Proto\u017ee z na\u0161eho \u010dten\u00ed m\u00e1m otestov\u00e1no, \u017ee jeden p\u0159\u00edb\u011bh nikdy nesta\u010d\u00ed \ud83d\ude42<\/p>\n<p>P\u0159\u00edb\u011bhy v kn\u00ed\u017ece jsou pln\u011b v souladu s Montessori pedagogikou. Jsou zalo\u017een\u00e9 na realit\u011b a d\u011bti mil\u00fdm zp\u016fsobem seznamuj\u00ed s fungov\u00e1n\u00edm na\u0161eho sv\u011bta. Nehledejte v nich proto \u017e\u00e1dn\u00e1 mluv\u00edc\u00ed zv\u00ed\u0159\u00e1tka ani l\u00e9taj\u00edc\u00ed superhrdiny.<\/p>\n<p>V knize naleznete tyto p\u0159\u00edb\u011bhy:<\/p>\n<ol>\n<li>Jak Franti\u0161ek hledal ztracen\u00e9 ko\u0165\u00e1tko<\/li>\n<li>Jak Franti\u0161ek za\u010dal chodit do knihovny<\/li>\n<li>Jak \u0161el Franti\u0161ek na v\u00fdpravu do lesa<\/li>\n<li>Jak Franti\u0161ek s\u00e1\u0148koval<\/li>\n<li>Jak jel Franti\u0161ek k babi\u010dce<\/li>\n<li>Jak si Franti\u0161ek zvykal na \u0161kolku<\/li>\n<li>Jak Franti\u0161ek slavil narozeniny<\/li>\n<li>Jak \u0161el Franti\u0161ek k pan\u00ed doktorce<\/li>\n<li>Jak jel Franti\u0161ek na dovolenou<\/li>\n<li>Jak Franti\u0161ek jezd\u00ed plavat<\/li>\n<\/ol>\n<p>Poh\u00e1dky jsou dopln\u011bn\u00e9 autorsk\u00fdmi fotografiemi. Kniha m\u00e1 49 str\u00e1nek a moment\u00e1ln\u011b je k dost\u00e1n\u00ed pouze v elektronick\u00e9 verzi.<\/p>\n","protected":false},"excerpt":{"rendered":"<p>Montessori p\u0159\u00edb\u011bhy o chlapci Franti\u0161kovi, kter\u00fd za\u017e\u00edv\u00e1 kr\u00e1sn\u00e1, ka\u017edodenn\u00ed dobrodru\u017estv\u00ed. P\u0159\u00edb\u011bhy jsou re\u00e1ln\u00e9, aby byly v souladu s Montessori pedagogikou.<\/p>\n","protected":false},"featured_media":581,"comment_status":"open","ping_status":"closed","template":"","meta":[],"product_brand":[],"product_cat":[63],"product_tag":[],"class_list":{"0":"post-580","1":"product","2":"type-product","3":"status-publish","4":"has-post-thumbnail","6":"product_cat-montessori","7":"post","9":"first","10":"instock","11":"downloadable","12":"shipping-taxable","13":"purchasable","14":"product-type-simple"},"jetpack_sharing_enabled":true,"_links":{"self":[{"href":"https:\/\/nasemontessori.cz\/index.php\/wp-json\/wp\/v2\/product\/580","targetHints":{"allow":["GET"]}}],"collection":[{"href":"https:\/\/nasemontessori.cz\/index.php\/wp-json\/wp\/v2\/product"}],"about":[{"href":"https:\/\/nasemontessori.cz\/index.php\/wp-json\/wp\/v2\/types\/product"}],"replies":[{"embeddable":true,"href":"https:\/\/nasemontessori.cz\/index.php\/wp-json\/wp\/v2\/comments?post=580"}],"wp:featuredmedia":[{"embeddable":true,"href":"https:\/\/nasemontessori.cz\/index.php\/wp-json\/wp\/v2\/media\/581"}],"wp:attachment":[{"href":"https:\/\/nasemontessori.cz\/index.php\/wp-json\/wp\/v2\/media?parent=580"}],"wp:term":[{"taxonomy":"product_brand","embeddable":true,"href":"https:\/\/nasemontessori.cz\/index.php\/wp-json\/wp\/v2\/product_brand?post=580"},{"taxonomy":"product_cat","embeddable":true,"href":"https:\/\/nasemontessori.cz\/index.php\/wp-json\/wp\/v2\/product_cat?post=580"},{"taxonomy":"product_tag","embeddable":true,"href":"https:\/\/nasemontessori.cz\/index.php\/wp-json\/wp\/v2\/product_tag?post=580"}],"curies":[{"name":"wp","href":"https:\/\/api.w.org\/{rel}","templated":true}]}}